{"id":222,"date":"2021-04-09T10:27:50","date_gmt":"2021-04-09T10:27:50","guid":{"rendered":"http:\/\/atrioasesores.es\/?page_id=222"},"modified":"2021-04-27T10:20:26","modified_gmt":"2021-04-27T10:20:26","slug":"politica-de-cookies","status":"publish","type":"page","link":"https:\/\/atrioasesores.es\/en\/politica-de-cookies\/","title":{"rendered":"Cookies policy"},"content":{"rendered":"<div data-elementor-type=\"wp-page\" data-elementor-id=\"222\" class=\"elementor elementor-222\">\n\t\t\t\t\t\t<section class=\"elementor-section elementor-top-section elementor-element elementor-element-08220c0 animated-fast elementor-section-boxed elementor-section-height-default elementor-section-height-default elementor-invisible\" data-id=\"08220c0\" data-element_type=\"section\" data-e-type=\"section\" data-settings=\"{&quot;background_background&quot;:&quot;gradient&quot;,&quot;animation&quot;:&quot;fadeIn&quot;}\">\n\t\t\t\t\t\t\t<div class=\"elementor-background-overlay\"><\/div>\n\t\t\t\t\t\t\t<div class=\"elementor-container elementor-column-gap-default\">\n\t\t\t\t\t<div class=\"elementor-column elementor-col-100 elementor-top-column elementor-element elementor-element-0f5955e\" data-id=\"0f5955e\" data-element_type=\"column\" data-e-type=\"column\">\n\t\t\t<div class=\"elementor-widget-wrap elementor-element-populated\">\n\t\t\t\t\t\t<div class=\"elementor-element elementor-element-1f8f323 elementor-invisible elementor-widget elementor-widget-heading\" data-id=\"1f8f323\" data-element_type=\"widget\" data-e-type=\"widget\" data-settings=\"{&quot;_animation&quot;:&quot;fadeInUp&quot;}\" data-widget_type=\"heading.default\">\n\t\t\t\t<div class=\"elementor-widget-container\">\n\t\t\t\t\t<h2 class=\"elementor-heading-title elementor-size-default\">Cookies policy<\/h2>\t\t\t\t<\/div>\n\t\t\t\t<\/div>\n\t\t\t\t\t<\/div>\n\t\t<\/div>\n\t\t\t\t\t<\/div>\n\t\t<\/section>\n\t\t\t\t<section class=\"elementor-section elementor-top-section elementor-element elementor-element-0ef07c1 elementor-section-boxed elementor-section-height-default elementor-section-height-default\" data-id=\"0ef07c1\" data-element_type=\"section\" data-e-type=\"section\" data-settings=\"{&quot;background_background&quot;:&quot;gradient&quot;}\">\n\t\t\t\t\t\t<div class=\"elementor-container elementor-column-gap-default\">\n\t\t\t\t\t<div class=\"elementor-column elementor-col-100 elementor-top-column elementor-element elementor-element-08d4e53 elementor-invisible\" data-id=\"08d4e53\" data-element_type=\"column\" data-e-type=\"column\" data-settings=\"{&quot;animation&quot;:&quot;fadeIn&quot;}\">\n\t\t\t<div class=\"elementor-widget-wrap elementor-element-populated\">\n\t\t\t\t\t\t<div class=\"elementor-element elementor-element-2d2198a elementor-widget elementor-widget-text-editor\" data-id=\"2d2198a\" data-element_type=\"widget\" data-e-type=\"widget\" data-widget_type=\"text-editor.default\">\n\t\t\t\t<div class=\"elementor-widget-container\">\n\t\t\t\t\t\t\t\t\t<p>In accordance with current legislation, ATRIO ASESORES Y CONSULTORES SL. approves and communicates this Cookies Policy for the knowledge of the users of the web www.atrioasesores.es<\/p><h3>CONCEPT<\/h3><p>A cookie is a small piece of text that websites send to the browser and that are stored on the user's terminal. They provide information about the preferences of this, which allows the owner of the website to recognize it in subsequent accesses to personalize your experience and use of the website.<\/p><p>Accepting the installation of cookies on your terminal allows us to know the following information:<\/p><ul><li>The user's login to keep the session active on the web<\/li><li>The date and time of your visit to www.atrioasesores.es, the time you have been browsing and the sites visited just before and after it<\/li><li>The web format when accessing from mobile devices<\/li><li>The latest searches made in the web services and personalization data of these services<\/li><li>Statistical information on the use of www. atrioasesores.es<\/li><li>Information about the ads displayed to the user<\/li><\/ul><p>You have the option to allow, block or delete the cookies installed on your computer through the browser settings. The procedures for rejecting and deleting cookies may be different from one browser to another.<\/p><p>You can continue browsing www. atrioasesores.es although it rejects the use of cookies, but in that case we cannot guarantee your access and use of some of the features.<\/p><p>Cookies facilitate navigation, make it more user-friendly; they do not damage the navigation device. They can also help identify and resolve errors.<\/p><p>Cookies cannot extract information from the user's hard drive or information from personal data. The only way that the user's private information is part of the \"Cookie\" file is for you to provide it expressly. In the event that cookies give or could help to know personal data of a user of the web www. atrioasesores.es, would be considered personal data and would be subject to the requirements of our Privacy Policy, which is published on the aforementioned website. Therefore, it would require the explicit and unequivocal consent of the user.<\/p><h3>TYPE OF COOKIES<\/h3><p>www. atrioasesores.es can use three types of cookies:<\/p><ul><li><strong>Own cookies.\u00a0<\/strong>They are strictly necessary for the provision of certain services expressly requested by the user. If these cookies are disabled, you will not be able to correctly receive our content and services;<\/li><li><strong>Third party cookies.<\/strong>\u00a0They are cookies used and managed by external entities that provide us with information that helps us to improve the website and to know the user's preferences.<\/li><li><strong>Cookies from external social networks.<\/strong>\u00a0They are used so that visitors can interact with the content of different social platforms. The conditions of use of these cookies and the information collected are regulated by the privacy policy of the corresponding platform.<\/li><\/ul><h3>ACCEPTANCE OF COOKIES<\/h3><p>Cookies allow us to improve the website www.atrioasesores.es Therefore, we thank you for accepting them and consenting to their use by this website and the installation of them on your computer or device.<\/p><h3>UPDATE AND MODIFICATION<\/h3><p>We reserve the right to modify this Cookies Policy without prior notice. We recommend that you review it periodically in order to be adequately informed about how and why www. atrioasesores.es uses cookies.<\/p>\t\t\t\t\t\t\t\t<\/div>\n\t\t\t\t<\/div>\n\t\t\t\t<div class=\"elementor-element elementor-element-500461d elementor-widget elementor-widget-html\" data-id=\"500461d\" data-element_type=\"widget\" data-e-type=\"widget\" data-widget_type=\"html.default\">\n\t\t\t\t<div class=\"elementor-widget-container\">\n\t\t\t\t\tRegion EU not activated for cookie-statement.\t\t\t\t<\/div>\n\t\t\t\t<\/div>\n\t\t\t\t\t<\/div>\n\t\t<\/div>\n\t\t\t\t\t<\/div>\n\t\t<\/section>\n\t\t\t\t<\/div>","protected":false},"excerpt":{"rendered":"<p>Pol\u00edtica de cookies De conformidad con la legislaci\u00f3n vigente, ATRIO ASESORES Y CONSULTORES SL. aprueba y comunica la presente Pol\u00edtica de Cookies para conocimiento de los usuarios de la web www.atrioasesores.es CONCEPTO Una cookie es un peque\u00f1o fragmento de texto que los sitios web env\u00edan al navegador y que se almacenan en el terminal del&hellip;<\/p>","protected":false},"author":1,"featured_media":0,"parent":0,"menu_order":0,"comment_status":"closed","ping_status":"closed","template":"elementor_header_footer","meta":{"_links_to":"","_links_to_target":""},"class_list":["post-222","page","type-page","status-publish","hentry","description-off"],"_links":{"self":[{"href":"https:\/\/atrioasesores.es\/en\/wp-json\/wp\/v2\/pages\/222","targetHints":{"allow":["GET"]}}],"collection":[{"href":"https:\/\/atrioasesores.es\/en\/wp-json\/wp\/v2\/pages"}],"about":[{"href":"https:\/\/atrioasesores.es\/en\/wp-json\/wp\/v2\/types\/page"}],"author":[{"embeddable":true,"href":"https:\/\/atrioasesores.es\/en\/wp-json\/wp\/v2\/users\/1"}],"replies":[{"embeddable":true,"href":"https:\/\/atrioasesores.es\/en\/wp-json\/wp\/v2\/comments?post=222"}],"version-history":[{"count":7,"href":"https:\/\/atrioasesores.es\/en\/wp-json\/wp\/v2\/pages\/222\/revisions"}],"predecessor-version":[{"id":349,"href":"https:\/\/atrioasesores.es\/en\/wp-json\/wp\/v2\/pages\/222\/revisions\/349"}],"wp:attachment":[{"href":"https:\/\/atrioasesores.es\/en\/wp-json\/wp\/v2\/media?parent=222"}],"curies":[{"name":"wp","href":"https:\/\/api.w.org\/{rel}","templated":true}]}}